{"id":1498,"date":"2025-09-23T10:50:58","date_gmt":"2025-09-23T08:50:58","guid":{"rendered":"https:\/\/fundacioacsar.org\/assessorament-juridic\/"},"modified":"2026-04-15T07:53:43","modified_gmt":"2026-04-15T05:53:43","slug":"asesoramiento-juridico","status":"publish","type":"page","link":"https:\/\/fundacioacsar.org\/es\/asesoramiento-juridico\/","title":{"rendered":"Asesoramiento jur\u00eddico"},"content":{"rendered":"<p><div class=\"fusion-fullwidth fullwidth-box fusion-builder-row-1 fusion-flex-container has-pattern-background has-mask-background nonhundred-percent-fullwidth non-hundred-percent-height-scrolling\" style=\"--awb-border-radius-top-left:0px;--awb-border-radius-top-right:0px;--awb-border-radius-bottom-right:0px;--awb-border-radius-bottom-left:0px;--awb-padding-bottom:0px;--awb-margin-bottom:0px;--awb-flex-wrap:wrap;\" ><div class=\"fusion-builder-row fusion-row fusion-flex-align-items-flex-start fusion-flex-content-wrap\" style=\"max-width:1248px;margin-left: calc(-4% \/ 2 );margin-right: calc(-4% \/ 2 );\"><div class=\"fusion-layout-column fusion_builder_column fusion-builder-column-0 fusion_builder_column_1_1 1_1 fusion-flex-column\" style=\"--awb-bg-size:cover;--awb-width-large:100%;--awb-margin-top-large:0px;--awb-spacing-right-large:1.92%;--awb-margin-bottom-large:20px;--awb-spacing-left-large:1.92%;--awb-width-medium:100%;--awb-order-medium:0;--awb-spacing-right-medium:1.92%;--awb-spacing-left-medium:1.92%;--awb-width-small:100%;--awb-order-small:0;--awb-spacing-right-small:1.92%;--awb-spacing-left-small:1.92%;\"><div class=\"fusion-column-wrapper fusion-column-has-shadow fusion-flex-justify-content-flex-start fusion-content-layout-column\"><div class=\"fusion-text fusion-text-1\" style=\"--awb-font-size:20px;--awb-line-height:1.3em;--awb-margin-right:200px;--awb-margin-left:200px;--awb-margin-right-medium:100px;--awb-margin-left-medium:100px;--awb-margin-right-small:30px;--awb-margin-left-small:30px;--awb-text-font-family:&quot;Inter&quot;;--awb-text-font-style:normal;--awb-text-font-weight:600;\"><p style=\"text-align: center;\">La Fundaci\u00f3n ACSAR ofrece sesiones de asesoramiento jur\u00eddico dirigidas a personas refugiadas, solicitantes de asilo y migrantes que necesitan orientaci\u00f3n en materia de protecci\u00f3n internacional y derechos relacionados con su situaci\u00f3n administrativa.<\/p>\n<\/div><\/div><\/div><\/div><\/div><div class=\"fusion-fullwidth fullwidth-box fusion-builder-row-2 fusion-flex-container has-pattern-background has-mask-background nonhundred-percent-fullwidth non-hundred-percent-height-scrolling\" style=\"--awb-border-radius-top-left:0px;--awb-border-radius-top-right:0px;--awb-border-radius-bottom-right:0px;--awb-border-radius-bottom-left:0px;--awb-padding-top:20px;--awb-padding-bottom:50px;--awb-flex-wrap:wrap;\" ><div class=\"fusion-builder-row fusion-row fusion-flex-align-items-flex-start fusion-flex-justify-content-center fusion-flex-content-wrap\" style=\"max-width:1248px;margin-left: calc(-4% \/ 2 );margin-right: calc(-4% \/ 2 );\"><div class=\"fusion-layout-column fusion_builder_column fusion-builder-column-1 fusion_builder_column_1_2 1_2 fusion-flex-column\" style=\"--awb-bg-size:cover;--awb-width-large:50%;--awb-margin-top-large:0px;--awb-spacing-right-large:3.84%;--awb-margin-bottom-large:20px;--awb-spacing-left-large:3.84%;--awb-width-medium:50%;--awb-order-medium:0;--awb-spacing-right-medium:3.84%;--awb-spacing-left-medium:3.84%;--awb-width-small:100%;--awb-order-small:0;--awb-spacing-right-small:1.92%;--awb-spacing-left-small:1.92%;\"><div class=\"fusion-column-wrapper fusion-column-has-shadow fusion-flex-justify-content-flex-start fusion-content-layout-column\"><div class=\"fusion-text fusion-text-2\"><p>Durante las sesiones de asesoramiento, las personas participantes pueden plantear dudas y recibir orientaci\u00f3n sobre diferentes situaciones concretas. Entre los temas m\u00e1s habituales se incluyen: el <strong>proceso de solicitud de asilo<\/strong>, el acceso a la <strong>protecci\u00f3n subsidiaria<\/strong>, las v\u00edas de <strong>protecci\u00f3n temporal o por causas humanitarias<\/strong>, as\u00ed como cuestiones relacionadas con los <strong>procedimientos de extranjer\u00eda<\/strong>, los <strong>arraigos<\/strong> u otras situaciones que impliquen derechos y obligaciones legales para personas migrantes. El objetivo es ofrecer informaci\u00f3n clara y \u00fatil sobre los pasos a seguir con un abogado especializado, ayudando a cada persona a comprender mejor sus opciones y a prepararse adecuadamente para los tr\u00e1mites correspondientes.<\/p>\n<p>Las sesiones son <strong>gratuitas<\/strong> y se realizan de manera <strong>presencial<\/strong> en la sede de la Fundaci\u00f3n ACSAR (Via Laietana 16, 4\u00ba piso). Es necesario concertar <strong>cita previa<\/strong> para participar, lo que garantiza que cada persona reciba una atenci\u00f3n individualizada y adaptada a su situaci\u00f3n concreta.<\/p>\n<\/div><div class=\"fusion-separator fusion-full-width-sep\" style=\"align-self: center;margin-left: auto;margin-right: auto;margin-bottom:20px;width:100%;\"><div class=\"fusion-separator-border sep-single sep-solid\" style=\"--awb-height:20px;--awb-amount:20px;--awb-sep-color:var(--awb-color4);border-color:var(--awb-color4);border-top-width:1px;\"><\/div><\/div><div class=\"fusion-text fusion-text-3 fusion-animated\" style=\"--awb-font-size:20px;--awb-line-height:1.2em;--awb-text-color:var(--awb-color4);\" data-animationType=\"flash\" data-animationDuration=\"0.3\" data-animationOffset=\"top-into-view\"><p>Para solicitar cita, se puede contactar con nosotros a trav\u00e9s del correo electr\u00f3nico <a href=\"mailto:facsar@fundacioacsar.org\"><strong>[facsar@fundacioacsar.org](mailto:facsar@fundacioacsar.org)<\/strong><\/a> o llamando al <strong>93 302 30 23<\/strong>.<\/p>\n<\/div><div class=\"fusion-separator fusion-full-width-sep\" style=\"align-self: center;margin-left: auto;margin-right: auto;margin-bottom:20px;width:100%;\"><div class=\"fusion-separator-border sep-single sep-solid\" style=\"--awb-height:20px;--awb-amount:20px;--awb-sep-color:var(--awb-color4);border-color:var(--awb-color4);border-top-width:1px;\"><\/div><\/div><div class=\"fusion-text fusion-text-4\"><p>Impartidas por profesionales con <strong>amplia experiencia en derecho de refugio y derechos humanos<\/strong>, estas sesiones no llevan casos legales de forma continuada, sino que ofrecen <strong>asesoramiento especializado<\/strong> sobre los pasos y procedimientos que las personas interesadas deben seguir con el acompa\u00f1amiento de un abogado experto. Cada sesi\u00f3n combina explicaciones te\u00f3ricas y orientaci\u00f3n pr\u00e1ctica, con especial atenci\u00f3n a las preguntas y necesidades concretas de los participantes.<\/p>\n<p>De hecho, en caso de existir barreras idiom\u00e1ticas, se ofrece tambi\u00e9n acceso gratuito a un int\u00e9rprete que facilite y asegure una correcta comprensi\u00f3n de las indicaciones del abogado.<\/p>\n<p>Desde <strong>2019<\/strong>, la Fundaci\u00f3n ACSAR ha organizado estas sesiones, consolid\u00e1ndolas como un espacio de confianza donde las personas pueden aclarar sus dudas sobre procesos legales complejos sin sentirse solas ni desorientadas. Garantizamos <strong>total confidencialidad<\/strong> en el tratamiento de la informaci\u00f3n personal, creando un entorno seguro donde cada persona puede expresar su situaci\u00f3n con tranquilidad y respeto.<\/p>\n<p>Estas sesiones forman parte de la apuesta de la Fundaci\u00f3n ACSAR por <strong>acompa\u00f1ar y empoderar a las personas migradas y refugiadas<\/strong>, ofreci\u00e9ndoles herramientas y conocimientos que les permitan desenvolverse con mayor seguridad en los procesos legales y en la vida en un nuevo pa\u00eds.<\/p>\n<\/div><\/div><\/div><div class=\"fusion-layout-column fusion_builder_column fusion-builder-column-2 fusion_builder_column_1_2 1_2 fusion-flex-column\" style=\"--awb-bg-size:cover;--awb-width-large:50%;--awb-margin-top-large:0px;--awb-spacing-right-large:3.84%;--awb-margin-bottom-large:20px;--awb-spacing-left-large:3.84%;--awb-width-medium:50%;--awb-order-medium:0;--awb-spacing-right-medium:3.84%;--awb-spacing-left-medium:3.84%;--awb-width-small:100%;--awb-order-small:0;--awb-spacing-right-small:1.92%;--awb-spacing-left-small:1.92%;\"><div class=\"fusion-column-wrapper fusion-column-has-shadow fusion-flex-justify-content-flex-start fusion-content-layout-column\"><div class=\"fusion-image-element \" style=\"--awb-caption-title-font-family:var(--h2_typography-font-family);--awb-caption-title-font-weight:var(--h2_typography-font-weight);--awb-caption-title-font-style:var(--h2_typography-font-style);--awb-caption-title-size:var(--h2_typography-font-size);--awb-caption-title-transform:var(--h2_typography-text-transform);--awb-caption-title-line-height:var(--h2_typography-line-height);--awb-caption-title-letter-spacing:var(--h2_typography-letter-spacing);\"><span class=\" fusion-imageframe imageframe-none imageframe-1 hover-type-none\"><img decoding=\"async\" width=\"1414\" height=\"2000\" title=\"Difusio-general-catala\" src=\"https:\/\/fundacioacsar.org\/wp-content\/uploads\/2026\/01\/Difusio-general-catala.png\" alt class=\"img-responsive wp-image-1499\" srcset=\"https:\/\/fundacioacsar.org\/wp-content\/uploads\/2026\/01\/Difusio-general-catala-200x283.png 200w, https:\/\/fundacioacsar.org\/wp-content\/uploads\/2026\/01\/Difusio-general-catala-400x566.png 400w, https:\/\/fundacioacsar.org\/wp-content\/uploads\/2026\/01\/Difusio-general-catala-600x849.png 600w, https:\/\/fundacioacsar.org\/wp-content\/uploads\/2026\/01\/Difusio-general-catala-800x1132.png 800w, https:\/\/fundacioacsar.org\/wp-content\/uploads\/2026\/01\/Difusio-general-catala-1200x1697.png 1200w, https:\/\/fundacioacsar.org\/wp-content\/uploads\/2026\/01\/Difusio-general-catala.png 1414w\" sizes=\"(max-width: 640px) 100vw, 600px\" \/><\/span><\/div><\/div><\/div><\/div><\/div><div class=\"fusion-fullwidth fullwidth-box fusion-builder-row-3 fusion-flex-container has-pattern-background has-mask-background nonhundred-percent-fullwidth non-hundred-percent-height-scrolling\" style=\"--awb-border-radius-top-left:0px;--awb-border-radius-top-right:0px;--awb-border-radius-bottom-right:0px;--awb-border-radius-bottom-left:0px;--awb-padding-top:50px;--awb-padding-bottom:50px;--awb-background-color:var(--awb-color6);--awb-flex-wrap:wrap;\" ><div class=\"fusion-builder-row fusion-row fusion-flex-align-items-flex-start fusion-flex-justify-content-center fusion-flex-content-wrap\" style=\"max-width:1248px;margin-left: calc(-4% \/ 2 );margin-right: calc(-4% \/ 2 );\"><div class=\"fusion-layout-column fusion_builder_column fusion-builder-column-3 fusion_builder_column_1_1 1_1 fusion-flex-column\" style=\"--awb-bg-size:cover;--awb-width-large:100%;--awb-margin-top-large:0px;--awb-spacing-right-large:1.92%;--awb-margin-bottom-large:20px;--awb-spacing-left-large:1.92%;--awb-width-medium:100%;--awb-order-medium:0;--awb-spacing-right-medium:1.92%;--awb-spacing-left-medium:1.92%;--awb-width-small:100%;--awb-order-small:0;--awb-spacing-right-small:1.92%;--awb-spacing-left-small:1.92%;\"><div class=\"fusion-column-wrapper fusion-column-has-shadow fusion-flex-justify-content-flex-start fusion-content-layout-column\"><div class=\"fusion-title title fusion-title-1 fusion-sep-none fusion-title-center fusion-title-text fusion-title-size-two acsar-title-underlined color4\" style=\"--awb-text-color:var(--awb-color8);--awb-margin-bottom:30px;--awb-font-size:32px;\"><h2 class=\"fusion-title-heading title-heading-center\" style=\"font-family:&quot;Inter&quot;;font-style:normal;font-weight:400;margin:0;font-size:1em;\"><strong>Documentaci\u00f3n relacionada<\/strong><\/h2><\/div><div style=\"text-align:center;\"><a class=\"fusion-button button-flat fusion-button-default-size button-default fusion-button-default button-1 fusion-button-default-span fusion-button-default-type\" target=\"_blank\" rel=\"noopener noreferrer\" href=\"https:\/\/fundacioacsar.org\/wp-content\/uploads\/2026\/01\/Diptic.pdf\"><i class=\"fa-file fas awb-button__icon awb-button__icon--default button-icon-left\" aria-hidden=\"true\"><\/i><span class=\"fusion-button-text awb-button__text awb-button__text--default\">D\u00edptico informativo<\/span><\/a><\/div><\/div><\/div><\/div><\/div><\/p>\n","protected":false},"excerpt":{"rendered":"","protected":false},"author":1,"featured_media":1481,"parent":0,"menu_order":0,"comment_status":"closed","ping_status":"closed","template":"100-width.php","meta":{"_acf_changed":false,"footnotes":""},"class_list":["post-1498","page","type-page","status-publish","has-post-thumbnail","hentry"],"acf":[],"_links":{"self":[{"href":"https:\/\/fundacioacsar.org\/es\/wp-json\/wp\/v2\/pages\/1498","targetHints":{"allow":["GET"]}}],"collection":[{"href":"https:\/\/fundacioacsar.org\/es\/wp-json\/wp\/v2\/pages"}],"about":[{"href":"https:\/\/fundacioacsar.org\/es\/wp-json\/wp\/v2\/types\/page"}],"author":[{"embeddable":true,"href":"https:\/\/fundacioacsar.org\/es\/wp-json\/wp\/v2\/users\/1"}],"replies":[{"embeddable":true,"href":"https:\/\/fundacioacsar.org\/es\/wp-json\/wp\/v2\/comments?post=1498"}],"version-history":[{"count":3,"href":"https:\/\/fundacioacsar.org\/es\/wp-json\/wp\/v2\/pages\/1498\/revisions"}],"predecessor-version":[{"id":1504,"href":"https:\/\/fundacioacsar.org\/es\/wp-json\/wp\/v2\/pages\/1498\/revisions\/1504"}],"wp:featuredmedia":[{"embeddable":true,"href":"https:\/\/fundacioacsar.org\/es\/wp-json\/wp\/v2\/media\/1481"}],"wp:attachment":[{"href":"https:\/\/fundacioacsar.org\/es\/wp-json\/wp\/v2\/media?parent=1498"}],"curies":[{"name":"wp","href":"https:\/\/api.w.org\/{rel}","templated":true}]}}