{"id":1509,"date":"2026-01-08T16:19:57","date_gmt":"2026-01-08T14:19:57","guid":{"rendered":"https:\/\/fundacioacsar.org\/observatori-de-les-migracions-i-el-refugi-a-catalunya\/"},"modified":"2026-04-15T12:42:35","modified_gmt":"2026-04-15T10:42:35","slug":"observatorio-de-las-migraciones-y-el-refugio-en-cataluna","status":"publish","type":"page","link":"https:\/\/fundacioacsar.org\/es\/observatorio-de-las-migraciones-y-el-refugio-en-cataluna\/","title":{"rendered":"Observatorio de las Migraciones y el Refugio en Catalu\u00f1a"},"content":{"rendered":"<p><div class=\"fusion-fullwidth fullwidth-box fusion-builder-row-1 fusion-flex-container has-pattern-background has-mask-background nonhundred-percent-fullwidth non-hundred-percent-height-scrolling\" style=\"--awb-border-radius-top-left:0px;--awb-border-radius-top-right:0px;--awb-border-radius-bottom-right:0px;--awb-border-radius-bottom-left:0px;--awb-flex-wrap:wrap;\" ><div class=\"fusion-builder-row fusion-row fusion-flex-align-items-flex-start fusion-flex-justify-content-center fusion-flex-content-wrap\" style=\"max-width:1248px;margin-left: calc(-4% \/ 2 );margin-right: calc(-4% \/ 2 );\"><div class=\"fusion-layout-column fusion_builder_column fusion-builder-column-0 fusion_builder_column_4_5 4_5 fusion-flex-column\" style=\"--awb-bg-size:cover;--awb-width-large:80%;--awb-margin-top-large:0px;--awb-spacing-right-large:2.4%;--awb-margin-bottom-large:20px;--awb-spacing-left-large:2.4%;--awb-width-medium:80%;--awb-order-medium:0;--awb-spacing-right-medium:2.4%;--awb-spacing-left-medium:2.4%;--awb-width-small:100%;--awb-order-small:0;--awb-spacing-right-small:1.92%;--awb-spacing-left-small:1.92%;\"><div class=\"fusion-column-wrapper fusion-column-has-shadow fusion-flex-justify-content-flex-start fusion-content-layout-column\"><div class=\"fusion-text fusion-text-1\" style=\"--awb-font-size:20px;--awb-line-height:1.3em;--awb-text-font-family:&quot;Inter&quot;;--awb-text-font-style:normal;--awb-text-font-weight:600;\"><p style=\"text-align: center;\">El Observatorio de las Migraciones y el Refugio en Catalu\u00f1a es un proyecto de la Fundaci\u00f3n ACSAR que tiene como objetivo convertirse en un portal de referencia en el \u00e1mbito de las migraciones y el refugio en el territorio. Una plataforma de recopilaci\u00f3n, observaci\u00f3n y creaci\u00f3n de contenido para el an\u00e1lisis, la incidencia y la protecci\u00f3n de los derechos de las personas migrantes y refugiadas.<\/p>\n<\/div><\/div><\/div><\/div><\/div><div class=\"fusion-fullwidth fullwidth-box fusion-builder-row-2 fusion-flex-container has-pattern-background has-mask-background nonhundred-percent-fullwidth non-hundred-percent-height-scrolling\" style=\"--awb-border-radius-top-left:0px;--awb-border-radius-top-right:0px;--awb-border-radius-bottom-right:0px;--awb-border-radius-bottom-left:0px;--awb-padding-top:60px;--awb-padding-bottom:30px;--awb-background-color:var(--awb-color6);--awb-flex-wrap:wrap;\" ><div class=\"fusion-builder-row fusion-row fusion-flex-align-items-flex-start fusion-flex-justify-content-center fusion-flex-content-wrap\" style=\"max-width:1248px;margin-left: calc(-4% \/ 2 );margin-right: calc(-4% \/ 2 );\"><div class=\"fusion-layout-column fusion_builder_column fusion-builder-column-1 fusion_builder_column_4_5 4_5 fusion-flex-column\" style=\"--awb-bg-size:cover;--awb-width-large:80%;--awb-margin-top-large:0px;--awb-spacing-right-large:2.4%;--awb-margin-bottom-large:20px;--awb-spacing-left-large:2.4%;--awb-width-medium:80%;--awb-order-medium:0;--awb-spacing-right-medium:2.4%;--awb-spacing-left-medium:2.4%;--awb-width-small:100%;--awb-order-small:0;--awb-spacing-right-small:1.92%;--awb-spacing-left-small:1.92%;\"><div class=\"fusion-column-wrapper fusion-column-has-shadow fusion-flex-justify-content-flex-start fusion-content-layout-column\"><div class=\"fusion-text fusion-text-2 awb-text-cols fusion-text-columns-2\" style=\"--awb-font-size:18px;--awb-line-height:1.3em;--awb-columns:2;--awb-column-spacing:2em;--awb-column-min-width:100px;\"><p>El Pacto Nacional para la Inmigraci\u00f3n de Catalu\u00f1a de 2008 establec\u00eda que el objetivo de crear el Observatorio era \u201chacer un seguimiento de los fen\u00f3menos migratorios, de la implementaci\u00f3n de las pol\u00edticas de inmigraci\u00f3n, del impulso de la investigaci\u00f3n en el \u00e1mbito de las migraciones y de la construcci\u00f3n de un sistema de informaci\u00f3n que permita realizar un seguimiento continuo de las principales variables que inciden en el \u00e1mbito de las migraciones\u201d.<\/p>\n<p>En la misma l\u00ednea, el Plan de ciudadan\u00eda e inmigraci\u00f3n 2009-2012 defin\u00eda \u201cel observatorio para la inmigraci\u00f3n en Catalu\u00f1a como un instrumento de conocimiento de la realidad, previsi\u00f3n y planificaci\u00f3n de las pol\u00edticas de inmigraci\u00f3n y de servicios p\u00fablicos, en funci\u00f3n de las nuevas necesidades y realidades sociales\u201d. M\u00e1s recientemente, el Plan de ciudadan\u00eda y de las migraciones 2017-2020 elaborado por el Departamento de Trabajo, Asuntos Sociales y Familia de la Generalitat, establece como objetivos del Observatorio \u201cel an\u00e1lisis de los datos y de las pol\u00edticas en el \u00e1mbito de la ciudadan\u00eda y la movilidad internacional, con el fin de aumentar el conocimiento en esta materia y aplicarlo a la mejora de las pol\u00edticas p\u00fablicas que se desarrollan en Catalu\u00f1a\u201d y ser \u201cel punto de referencia para la elaboraci\u00f3n de conocimiento y el an\u00e1lisis de datos en Catalu\u00f1a en el \u00e1mbito de las pol\u00edticas de ciudadan\u00eda y migraciones\u201d.<\/p>\n<p>As\u00ed pues, el objetivo del Observatorio ser\u00e1 realizar una fotograf\u00eda precisa de cu\u00e1l es la situaci\u00f3n actual de las personas migradas y de origen diverso en los diferentes \u00e1mbitos de la realidad, con el fin de poder evaluar e informar las pol\u00edticas p\u00fablicas de inmigraci\u00f3n y los servicios p\u00fablicos.<\/p>\n<\/div><\/div><\/div><\/div><\/div><div class=\"fusion-fullwidth fullwidth-box fusion-builder-row-3 fusion-flex-container has-pattern-background has-mask-background nonhundred-percent-fullwidth non-hundred-percent-height-scrolling\" style=\"--awb-border-radius-top-left:0px;--awb-border-radius-top-right:0px;--awb-border-radius-bottom-right:0px;--awb-border-radius-bottom-left:0px;--awb-padding-top:50px;--awb-padding-bottom:30px;--awb-background-color:var(--awb-color1);--awb-flex-wrap:wrap;\" ><div class=\"fusion-builder-row fusion-row fusion-flex-align-items-flex-start fusion-flex-justify-content-center fusion-flex-content-wrap\" style=\"max-width:1248px;margin-left: calc(-4% \/ 2 );margin-right: calc(-4% \/ 2 );\"><div class=\"fusion-layout-column fusion_builder_column fusion-builder-column-2 fusion_builder_column_4_5 4_5 fusion-flex-column\" style=\"--awb-bg-size:cover;--awb-width-large:80%;--awb-margin-top-large:0px;--awb-spacing-right-large:2.4%;--awb-margin-bottom-large:20px;--awb-spacing-left-large:2.4%;--awb-width-medium:80%;--awb-order-medium:0;--awb-spacing-right-medium:2.4%;--awb-spacing-left-medium:2.4%;--awb-width-small:100%;--awb-order-small:0;--awb-spacing-right-small:1.92%;--awb-spacing-left-small:1.92%;\"><div class=\"fusion-column-wrapper fusion-column-has-shadow fusion-flex-justify-content-flex-start fusion-content-layout-column\"><div class=\"awb-gallery-wrapper awb-gallery-wrapper-1 button-span-no\" style=\"--more-btn-alignment:center;\"><div style=\"margin:-5px;--awb-bordersize:0px;\" class=\"fusion-gallery fusion-gallery-container fusion-grid-3 fusion-columns-total-3 fusion-gallery-layout-grid fusion-gallery-1\"><div style=\"padding:5px;\" class=\"fusion-grid-column fusion-gallery-column fusion-gallery-column-3 hover-type-none\"><div class=\"fusion-gallery-image\"><a href=\"https:\/\/fundacioacsar.org\/wp-content\/uploads\/2026\/01\/migralab01.jpg\" rel=\"noreferrer\" data-rel=\"iLightbox[gallery_image_1]\" class=\"fusion-lightbox\" target=\"_self\"><img decoding=\"async\" src=\"https:\/\/fundacioacsar.org\/wp-content\/uploads\/2026\/01\/migralab01.jpg\" width=\"1600\" height=\"1066\" alt=\"\" title=\"migralab01\" aria-label=\"migralab01\" class=\"img-responsive wp-image-1514\" srcset=\"https:\/\/fundacioacsar.org\/wp-content\/uploads\/2026\/01\/migralab01-200x133.jpg 200w, https:\/\/fundacioacsar.org\/wp-content\/uploads\/2026\/01\/migralab01-400x267.jpg 400w, https:\/\/fundacioacsar.org\/wp-content\/uploads\/2026\/01\/migralab01-600x400.jpg 600w, https:\/\/fundacioacsar.org\/wp-content\/uploads\/2026\/01\/migralab01-800x533.jpg 800w, https:\/\/fundacioacsar.org\/wp-content\/uploads\/2026\/01\/migralab01-1200x800.jpg 1200w, https:\/\/fundacioacsar.org\/wp-content\/uploads\/2026\/01\/migralab01.jpg 1600w\" sizes=\"(min-width: 2200px) 100vw, (min-width: 868px) 397px, (min-width: 754px) 595px, (min-width: 640px) 754px, \" \/><\/a><\/div><\/div><div style=\"padding:5px;\" class=\"fusion-grid-column fusion-gallery-column fusion-gallery-column-3 hover-type-none\"><div class=\"fusion-gallery-image\"><a href=\"https:\/\/fundacioacsar.org\/wp-content\/uploads\/2026\/01\/migralab02.jpg\" rel=\"noreferrer\" data-rel=\"iLightbox[gallery_image_1]\" class=\"fusion-lightbox\" target=\"_self\"><img decoding=\"async\" src=\"https:\/\/fundacioacsar.org\/wp-content\/uploads\/2026\/01\/migralab02.jpg\" width=\"1600\" height=\"1066\" alt=\"\" title=\"migralab02\" aria-label=\"migralab02\" class=\"img-responsive wp-image-1515\" srcset=\"https:\/\/fundacioacsar.org\/wp-content\/uploads\/2026\/01\/migralab02-200x133.jpg 200w, https:\/\/fundacioacsar.org\/wp-content\/uploads\/2026\/01\/migralab02-400x267.jpg 400w, https:\/\/fundacioacsar.org\/wp-content\/uploads\/2026\/01\/migralab02-600x400.jpg 600w, https:\/\/fundacioacsar.org\/wp-content\/uploads\/2026\/01\/migralab02-800x533.jpg 800w, https:\/\/fundacioacsar.org\/wp-content\/uploads\/2026\/01\/migralab02-1200x800.jpg 1200w, https:\/\/fundacioacsar.org\/wp-content\/uploads\/2026\/01\/migralab02.jpg 1600w\" sizes=\"(min-width: 2200px) 100vw, (min-width: 868px) 397px, (min-width: 754px) 595px, (min-width: 640px) 754px, \" \/><\/a><\/div><\/div><div style=\"padding:5px;\" class=\"fusion-grid-column fusion-gallery-column fusion-gallery-column-3 hover-type-none\"><div class=\"fusion-gallery-image\"><a href=\"https:\/\/fundacioacsar.org\/wp-content\/uploads\/2026\/01\/migralab03.jpg\" rel=\"noreferrer\" data-rel=\"iLightbox[gallery_image_1]\" class=\"fusion-lightbox\" target=\"_self\"><img decoding=\"async\" src=\"https:\/\/fundacioacsar.org\/wp-content\/uploads\/2026\/01\/migralab03.jpg\" width=\"1600\" height=\"1066\" alt=\"\" title=\"migralab03\" aria-label=\"migralab03\" class=\"img-responsive wp-image-1516\" srcset=\"https:\/\/fundacioacsar.org\/wp-content\/uploads\/2026\/01\/migralab03-200x133.jpg 200w, https:\/\/fundacioacsar.org\/wp-content\/uploads\/2026\/01\/migralab03-400x267.jpg 400w, https:\/\/fundacioacsar.org\/wp-content\/uploads\/2026\/01\/migralab03-600x400.jpg 600w, https:\/\/fundacioacsar.org\/wp-content\/uploads\/2026\/01\/migralab03-800x533.jpg 800w, https:\/\/fundacioacsar.org\/wp-content\/uploads\/2026\/01\/migralab03-1200x800.jpg 1200w, https:\/\/fundacioacsar.org\/wp-content\/uploads\/2026\/01\/migralab03.jpg 1600w\" sizes=\"(min-width: 2200px) 100vw, (min-width: 868px) 397px, (min-width: 754px) 595px, (min-width: 640px) 754px, \" \/><\/a><\/div><\/div><div class=\"clearfix\"><\/div><\/div><\/div><\/div><\/div><\/div><\/div><div class=\"fusion-fullwidth fullwidth-box fusion-builder-row-4 fusion-flex-container has-pattern-background has-mask-background nonhundred-percent-fullwidth non-hundred-percent-height-scrolling\" style=\"--awb-border-radius-top-left:0px;--awb-border-radius-top-right:0px;--awb-border-radius-bottom-right:0px;--awb-border-radius-bottom-left:0px;--awb-padding-top:30px;--awb-padding-bottom:30px;--awb-background-color:var(--awb-color6);--awb-flex-wrap:wrap;\" ><div class=\"fusion-builder-row fusion-row fusion-flex-align-items-flex-start fusion-flex-justify-content-center fusion-flex-content-wrap\" style=\"max-width:1248px;margin-left: calc(-4% \/ 2 );margin-right: calc(-4% \/ 2 );\"><div class=\"fusion-layout-column fusion_builder_column fusion-builder-column-3 fusion_builder_column_4_5 4_5 fusion-flex-column\" style=\"--awb-bg-size:cover;--awb-width-large:80%;--awb-margin-top-large:0px;--awb-spacing-right-large:2.4%;--awb-margin-bottom-large:20px;--awb-spacing-left-large:2.4%;--awb-width-medium:80%;--awb-order-medium:0;--awb-spacing-right-medium:2.4%;--awb-spacing-left-medium:2.4%;--awb-width-small:100%;--awb-order-small:0;--awb-spacing-right-small:1.92%;--awb-spacing-left-small:1.92%;\"><div class=\"fusion-column-wrapper fusion-column-has-shadow fusion-flex-justify-content-flex-start fusion-content-layout-column\"><div class=\"fusion-title title fusion-title-1 fusion-sep-none fusion-title-center fusion-title-text fusion-title-size-two acsar-title-underlined color5\" style=\"--awb-text-color:var(--awb-color8);--awb-font-size:32px;\"><h2 class=\"fusion-title-heading title-heading-center\" style=\"font-family:&quot;Inter&quot;;font-style:normal;font-weight:800;margin:0;font-size:1em;line-height:1.2em;\">Objectivos iniciales<\/h2><\/div><ul style=\"--awb-size:18px;--awb-line-height:30.6px;--awb-icon-width:30.6px;--awb-icon-height:30.6px;--awb-icon-margin:12.6px;--awb-content-margin:43.2px;--awb-circlecolor:var(--awb-color5);--awb-circle-yes-font-size:15.84px;\" class=\"fusion-checklist fusion-checklist-1 fusion-checklist-default type-icons\"><li class=\"fusion-li-item\" style=\"\"><span class=\"icon-wrapper circle-yes\"><i class=\"fusion-li-icon fa-arrow-right fas\" aria-hidden=\"true\"><\/i><\/span><div class=\"fusion-li-item-content\">Establecimiento de un sistema de indicadores que permita situar al Observatorio como principal centro de referencia en materia de datos sectoriales en relaci\u00f3n con las migraciones en Catalu\u00f1a<\/div><\/li><li class=\"fusion-li-item\" style=\"\"><span class=\"icon-wrapper circle-yes\"><i class=\"fusion-li-icon fa-arrow-right fas\" aria-hidden=\"true\"><\/i><\/span><div class=\"fusion-li-item-content\">\n<p>Realizaci\u00f3n de un informe anual en el que se eval\u00fae la evoluci\u00f3n de los diferentes indicadores y con un contenido espec\u00edfico en el que se realicen propuestas participativas dirigidas a un \u00e1mbito sectorial y de discriminaci\u00f3n concreto como la educaci\u00f3n, el trabajo o la vivienda.<\/p>\n<\/div><\/li><li class=\"fusion-li-item\" style=\"\"><span class=\"icon-wrapper circle-yes\"><i class=\"fusion-li-icon fa-arrow-right fas\" aria-hidden=\"true\"><\/i><\/span><div class=\"fusion-li-item-content\">\n<p>Creaci\u00f3n de espacios de encuentro, realizaci\u00f3n de conferencias, talleres y jornadas en relaci\u00f3n con las migraciones y el refugio.<\/p>\n<\/div><\/li><li class=\"fusion-li-item\" style=\"\"><span class=\"icon-wrapper circle-yes\"><i class=\"fusion-li-icon fa-arrow-right fas\" aria-hidden=\"true\"><\/i><\/span><div class=\"fusion-li-item-content\">Incidencia sobre los responsables de la toma de decisiones en relaci\u00f3n con las propuestas realizadas anualmente en el informe.<\/div><\/li><\/ul><div style=\"text-align:center;\"><a class=\"fusion-button button-flat fusion-button-default-size button-default fusion-button-default button-1 fusion-button-default-span fusion-button-default-type\" style=\"--button_margin-top:40px;\" target=\"_blank\" rel=\"noopener noreferrer\" href=\"https:\/\/fundacioacsar.org\/wp-content\/uploads\/2026\/02\/ocm_2019.pdf\"><span class=\"fusion-button-text awb-button__text awb-button__text--default\">M\u00e1s informaci\u00f3n<\/span><\/a><\/div><\/div><\/div><\/div><\/div><div class=\"fusion-fullwidth fullwidth-box fusion-builder-row-5 fusion-flex-container has-pattern-background has-mask-background nonhundred-percent-fullwidth non-hundred-percent-height-scrolling\" style=\"--link_color: var(--awb-color8);--awb-border-radius-top-left:0px;--awb-border-radius-top-right:0px;--awb-border-radius-bottom-right:0px;--awb-border-radius-bottom-left:0px;--awb-padding-top:50px;--awb-padding-bottom:50px;--awb-flex-wrap:wrap;\" ><div class=\"fusion-builder-row fusion-row fusion-flex-align-items-flex-start fusion-flex-justify-content-center fusion-flex-content-wrap\" style=\"max-width:1248px;margin-left: calc(-4% \/ 2 );margin-right: calc(-4% \/ 2 );\"><div class=\"fusion-layout-column fusion_builder_column fusion-builder-column-4 fusion_builder_column_2_5 2_5 fusion-flex-column\" style=\"--awb-padding-top:20px;--awb-padding-right:20px;--awb-padding-bottom:20px;--awb-padding-left:20px;--awb-bg-color:var(--awb-custom_color_2);--awb-bg-color-hover:var(--awb-custom_color_2);--awb-bg-size:cover;--awb-border-color:var(--awb-color5);--awb-border-bottom:15px;--awb-border-style:solid;--awb-width-large:40%;--awb-margin-top-large:0px;--awb-spacing-right-large:4.8%;--awb-margin-bottom-large:20px;--awb-spacing-left-large:4.8%;--awb-width-medium:40%;--awb-order-medium:0;--awb-spacing-right-medium:4.8%;--awb-spacing-left-medium:4.8%;--awb-width-small:100%;--awb-order-small:0;--awb-spacing-right-small:1.92%;--awb-spacing-left-small:1.92%;\" data-scroll-devices=\"small-visibility,medium-visibility,large-visibility\"><div class=\"fusion-column-wrapper fusion-column-has-shadow fusion-flex-justify-content-flex-start fusion-content-layout-column\"><div class=\"fusion-text fusion-text-3 fusion-text-no-margin\" style=\"--awb-font-size:32px;--awb-line-height:1.2em;--awb-margin-bottom:60px;--awb-text-font-family:&quot;Inter&quot;;--awb-text-font-style:normal;--awb-text-font-weight:800;\"><p>Publicaciones<\/p>\n<\/div><div class=\"fusion-text fusion-text-4\" style=\"--awb-font-size:15px;--awb-line-height:1.2em;\"><p>Lorem ipsum dolor sit amet, consectetur adipiscing elit, sed do eiusmod tempor incididunt ut labore et dolore magna aliqua. Lorem ipsum dolor sit amet, consectetur adipiscing elit, sed do eiusmod tempor incididunt ut labore et dolore magna aliqua.<\/p>\n<\/div><div ><a class=\"fusion-button button-flat button-medium button-custom fusion-button-default button-2 fusion-button-default-span fusion-button-default-type\" style=\"--button_accent_color:var(--awb-color1);--button_accent_hover_color:var(--awb-color1);--button_border_hover_color:var(--awb-color1);--button_gradient_top_color:var(--awb-custom_color_3);--button_gradient_bottom_color:var(--awb-custom_color_3);--button_gradient_top_color_hover:var(--awb-custom_color_3);--button_gradient_bottom_color_hover:var(--awb-custom_color_3);\" target=\"_self\" href=\"https:\/\/fundacioacsar.org\/es\/observatorio-de-las-migraciones-y-el-refugio-en-cataluna\/publicaciones\/\"><span class=\"fusion-button-text awb-button__text awb-button__text--default\">Consulta las publicaciones &gt;<\/span><\/a><\/div><\/div><\/div><div class=\"fusion-layout-column fusion_builder_column fusion-builder-column-5 fusion_builder_column_2_5 2_5 fusion-flex-column\" style=\"--awb-padding-top:20px;--awb-padding-right:20px;--awb-padding-bottom:20px;--awb-padding-left:20px;--awb-bg-color:var(--awb-color6);--awb-bg-color-hover:var(--awb-color6);--awb-bg-size:cover;--awb-border-color:var(--awb-color5);--awb-border-bottom:15px;--awb-border-style:solid;--awb-width-large:40%;--awb-margin-top-large:0px;--awb-spacing-right-large:4.8%;--awb-margin-bottom-large:20px;--awb-spacing-left-large:4.8%;--awb-width-medium:40%;--awb-order-medium:0;--awb-spacing-right-medium:4.8%;--awb-spacing-left-medium:4.8%;--awb-width-small:100%;--awb-order-small:0;--awb-spacing-right-small:1.92%;--awb-spacing-left-small:1.92%;\" data-scroll-devices=\"small-visibility,medium-visibility,large-visibility\"><div class=\"fusion-column-wrapper fusion-column-has-shadow fusion-flex-justify-content-flex-start fusion-content-layout-column\"><div class=\"fusion-text fusion-text-5 fusion-text-no-margin\" style=\"--awb-font-size:32px;--awb-line-height:1.2em;--awb-margin-bottom:60px;--awb-text-font-family:&quot;Inter&quot;;--awb-text-font-style:normal;--awb-text-font-weight:800;\"><p>Migralab<\/p>\n<\/div><div class=\"fusion-text fusion-text-6\" style=\"--awb-font-size:15px;--awb-line-height:1.2em;\"><p>Lorem ipsum dolor sit amet, consectetur adipiscing elit, sed do eiusmod tempor incididunt ut labore et dolore magna aliqua. Lorem ipsum dolor sit amet, consectetur adipiscing elit, sed do eiusmod tempor incididunt ut labore et dolore magna aliqua.<\/p>\n<\/div><div ><a class=\"fusion-button button-flat button-medium button-custom fusion-button-default button-3 fusion-button-default-span fusion-button-default-type\" style=\"--button_accent_color:var(--awb-color1);--button_accent_hover_color:var(--awb-color1);--button_border_hover_color:var(--awb-color1);--button_gradient_top_color:var(--awb-color5);--button_gradient_bottom_color:var(--awb-color5);--button_gradient_top_color_hover:var(--awb-color5);--button_gradient_bottom_color_hover:var(--awb-color5);\" target=\"_self\" href=\"https:\/\/fundacioacsar.org\/es\/observatorio-de-las-migraciones-y-el-refugio-en-cataluna\/migralab\/\"><span class=\"fusion-button-text awb-button__text awb-button__text--default\">Consulta las noticias &gt;<\/span><\/a><\/div><\/div><\/div><\/div><\/div><\/p>\n","protected":false},"excerpt":{"rendered":"","protected":false},"author":1,"featured_media":1481,"parent":0,"menu_order":0,"comment_status":"closed","ping_status":"closed","template":"100-width.php","meta":{"_acf_changed":false,"footnotes":""},"class_list":["post-1509","page","type-page","status-publish","has-post-thumbnail","hentry"],"acf":[],"_links":{"self":[{"href":"https:\/\/fundacioacsar.org\/es\/wp-json\/wp\/v2\/pages\/1509","targetHints":{"allow":["GET"]}}],"collection":[{"href":"https:\/\/fundacioacsar.org\/es\/wp-json\/wp\/v2\/pages"}],"about":[{"href":"https:\/\/fundacioacsar.org\/es\/wp-json\/wp\/v2\/types\/page"}],"author":[{"embeddable":true,"href":"https:\/\/fundacioacsar.org\/es\/wp-json\/wp\/v2\/users\/1"}],"replies":[{"embeddable":true,"href":"https:\/\/fundacioacsar.org\/es\/wp-json\/wp\/v2\/comments?post=1509"}],"version-history":[{"count":4,"href":"https:\/\/fundacioacsar.org\/es\/wp-json\/wp\/v2\/pages\/1509\/revisions"}],"predecessor-version":[{"id":1783,"href":"https:\/\/fundacioacsar.org\/es\/wp-json\/wp\/v2\/pages\/1509\/revisions\/1783"}],"wp:featuredmedia":[{"embeddable":true,"href":"https:\/\/fundacioacsar.org\/es\/wp-json\/wp\/v2\/media\/1481"}],"wp:attachment":[{"href":"https:\/\/fundacioacsar.org\/es\/wp-json\/wp\/v2\/media?parent=1509"}],"curies":[{"name":"wp","href":"https:\/\/api.w.org\/{rel}","templated":true}]}}