{"id":1512,"date":"2026-04-08T12:22:16","date_gmt":"2026-04-08T10:22:16","guid":{"rendered":"https:\/\/fundacioacsar.org\/politica-de-cookies\/"},"modified":"2026-04-15T08:03:44","modified_gmt":"2026-04-15T06:03:44","slug":"politica-de-cookies","status":"publish","type":"page","link":"https:\/\/fundacioacsar.org\/es\/politica-de-cookies\/","title":{"rendered":"Pol\u00edtica de cookies"},"content":{"rendered":"<div class=\"fusion-fullwidth fullwidth-box fusion-builder-row-1 fusion-flex-container nonhundred-percent-fullwidth non-hundred-percent-height-scrolling\" style=\"--awb-border-radius-top-left:0px;--awb-border-radius-top-right:0px;--awb-border-radius-bottom-right:0px;--awb-border-radius-bottom-left:0px;--awb-padding-top:45px;--awb-padding-right:30px;--awb-padding-bottom:0px;--awb-padding-left:30px;--awb-margin-bottom:0px;--awb-flex-wrap:wrap;\" ><div class=\"fusion-builder-row fusion-row fusion-flex-align-items-flex-start fusion-flex-content-wrap\" style=\"max-width:1248px;margin-left: calc(-4% \/ 2 );margin-right: calc(-4% \/ 2 );\"><div class=\"fusion-layout-column fusion_builder_column fusion-builder-column-0 fusion_builder_column_1_1 1_1 fusion-flex-column\" style=\"--awb-bg-size:cover;--awb-width-large:100%;--awb-margin-top-large:0px;--awb-spacing-right-large:1.92%;--awb-margin-bottom-large:20px;--awb-spacing-left-large:1.92%;--awb-width-medium:100%;--awb-spacing-right-medium:1.92%;--awb-spacing-left-medium:1.92%;--awb-width-small:100%;--awb-spacing-right-small:1.92%;--awb-spacing-left-small:1.92%;\"><div class=\"fusion-column-wrapper fusion-flex-justify-content-flex-start fusion-content-layout-column\"><div class=\"fusion-text fusion-text-1\"><p lang=\"en-US\"><strong>\u00bfQu\u00e9 son las cookies?<\/strong><\/p>\n<p lang=\"en-US\">Esta Pol\u00edtica de Cookies explica qu\u00e9 son las cookies y c\u00f3mo las utilizamos, los tipos de cookies que usamos (es decir, la informaci\u00f3n que recopilamos mediante cookies y c\u00f3mo utilizamos esta informaci\u00f3n) y c\u00f3mo gestionar la configuraci\u00f3n de las cookies.<\/p>\n<p>Las cookies son peque\u00f1os archivos de texto que se utilizan para almacenar peque\u00f1as cantidades de informaci\u00f3n. Se guardan en su dispositivo cuando el sitio web se carga en su navegador. Estas cookies nos ayudan a que el sitio web funcione correctamente, sea m\u00e1s seguro, ofrezca una mejor experiencia de usuario y nos permiten entender c\u00f3mo funciona el sitio web, as\u00ed como analizar qu\u00e9 funciona y qu\u00e9 necesita mejora.<\/p>\n<p><strong>\u00bfC\u00f3mo utilizamos las cookies?<\/strong><\/p>\n<p>Como la mayor\u00eda de los servicios en l\u00ednea, nuestro sitio web utiliza cookies propias y de terceros para diversas finalidades. Las cookies propias son esenciales para que el sitio web funcione correctamente y no recopilan ninguna informaci\u00f3n personal identificable sobre usted.<\/p>\n<p>Las cookies de terceros que utilizamos en nuestro sitio web se utilizan principalmente para comprender c\u00f3mo funciona el sitio web, c\u00f3mo interact\u00faa con nuestro sitio, mantener nuestros servicios seguros, ofrecerle anuncios relevantes y, en general, proporcionarle una experiencia de usuario mejorada y acelerar sus futuras interacciones con nuestro sitio web.<\/p>\n<\/div><div class=\"cky-audit-table-element\"><\/div><div class=\"fusion-text fusion-text-2\"><p><strong>Configuraci\u00f3n de las cookies<\/strong><\/p>\n<p>Puede cambiar sus preferencias de cookies mediante el <a class=\"cky-banner-element\" href=\"#\"><u>Gestor de Preferencias de Cookies<\/u><\/a>. Esto le permitir\u00e1 volver a ver el banner de consentimiento de cookies y modificar sus preferencias o retirar su consentimiento inmediatamente.<\/p>\n<p>Adem\u00e1s, diferentes navegadores ofrecen distintos m\u00e9todos para bloquear y eliminar las cookies que utilizan los sitios web. Puede cambiar la configuraci\u00f3n de su navegador para bloquear o eliminar las cookies. A continuaci\u00f3n, se muestran los enlaces a los documentos de soporte sobre c\u00f3mo gestionar y eliminar las cookies de los principales navegadores web:<\/p>\n<ul>\n<li>Chrome: <a href=\"https:\/\/support.google.com\/accounts\/answer\/32050\" target=\"_new\">https:\/\/support.google.com\/accounts\/answer\/32050<\/a><\/li>\n<li>Safari: <a href=\"https:\/\/support.apple.com\/en-in\/guide\/safari\/sfri11471\/mac\" target=\"_new\">https:\/\/support.apple.com\/en-in\/guide\/safari\/sfri11471\/mac<\/a><\/li>\n<li>Firefox: <a href=\"https:\/\/support.mozilla.org\/en-US\/kb\/clear-cookies-and-site-data-firefox?redirectslug=delete-cookies-remove-info-websites-stored&amp;redirectlocale=en-US\" target=\"_new\">https:\/\/support.mozilla.org\/en-US\/kb\/clear-cookies-and-site-data-firefox<\/a><\/li>\n<li>Internet Explorer: <a href=\"https:\/\/support.microsoft.com\/en-us\/topic\/how-to-delete-cookie-files-in-internet-explorer-bca9446f-d873-78de-77ba-d42645fa52fc\" target=\"_new\">https:\/\/support.microsoft.com\/en-us\/topic\/how-to-delete-cookie-files-in-internet-explorer<\/a><\/li>\n<\/ul>\n<p>Si utiliza cualquier otro navegador web, visite la documentaci\u00f3n oficial de soporte de su navegador.<\/p>\n<\/div><\/div><\/div><\/div><\/div>\n","protected":false},"excerpt":{"rendered":"","protected":false},"author":1,"featured_media":0,"parent":0,"menu_order":0,"comment_status":"closed","ping_status":"closed","template":"100-width.php","meta":{"_acf_changed":false,"footnotes":""},"class_list":["post-1512","page","type-page","status-publish","hentry"],"acf":[],"_links":{"self":[{"href":"https:\/\/fundacioacsar.org\/es\/wp-json\/wp\/v2\/pages\/1512","targetHints":{"allow":["GET"]}}],"collection":[{"href":"https:\/\/fundacioacsar.org\/es\/wp-json\/wp\/v2\/pages"}],"about":[{"href":"https:\/\/fundacioacsar.org\/es\/wp-json\/wp\/v2\/types\/page"}],"author":[{"embeddable":true,"href":"https:\/\/fundacioacsar.org\/es\/wp-json\/wp\/v2\/users\/1"}],"replies":[{"embeddable":true,"href":"https:\/\/fundacioacsar.org\/es\/wp-json\/wp\/v2\/comments?post=1512"}],"version-history":[{"count":1,"href":"https:\/\/fundacioacsar.org\/es\/wp-json\/wp\/v2\/pages\/1512\/revisions"}],"predecessor-version":[{"id":1522,"href":"https:\/\/fundacioacsar.org\/es\/wp-json\/wp\/v2\/pages\/1512\/revisions\/1522"}],"wp:attachment":[{"href":"https:\/\/fundacioacsar.org\/es\/wp-json\/wp\/v2\/media?parent=1512"}],"curies":[{"name":"wp","href":"https:\/\/api.w.org\/{rel}","templated":true}]}}