{"id":1513,"date":"2026-04-08T12:10:21","date_gmt":"2026-04-08T10:10:21","guid":{"rendered":"https:\/\/fundacioacsar.org\/politica-de-privacitat\/"},"modified":"2026-04-15T08:04:48","modified_gmt":"2026-04-15T06:04:48","slug":"politica-de-privacidad","status":"publish","type":"page","link":"https:\/\/fundacioacsar.org\/es\/politica-de-privacidad\/","title":{"rendered":"Pol\u00edtica de privacidad"},"content":{"rendered":"<div class=\"fusion-fullwidth fullwidth-box fusion-builder-row-1 fusion-flex-container nonhundred-percent-fullwidth non-hundred-percent-height-scrolling\" style=\"--awb-border-radius-top-left:0px;--awb-border-radius-top-right:0px;--awb-border-radius-bottom-right:0px;--awb-border-radius-bottom-left:0px;--awb-padding-top:45px;--awb-padding-right:30px;--awb-padding-bottom:0px;--awb-padding-left:30px;--awb-margin-bottom:0px;--awb-flex-wrap:wrap;\" ><div class=\"fusion-builder-row fusion-row fusion-flex-align-items-flex-start fusion-flex-content-wrap\" style=\"max-width:1248px;margin-left: calc(-4% \/ 2 );margin-right: calc(-4% \/ 2 );\"><div class=\"fusion-layout-column fusion_builder_column fusion-builder-column-0 fusion_builder_column_1_1 1_1 fusion-flex-column\" style=\"--awb-bg-size:cover;--awb-width-large:100%;--awb-margin-top-large:0px;--awb-spacing-right-large:1.92%;--awb-margin-bottom-large:20px;--awb-spacing-left-large:1.92%;--awb-width-medium:100%;--awb-spacing-right-medium:1.92%;--awb-spacing-left-medium:1.92%;--awb-width-small:100%;--awb-spacing-right-small:1.92%;--awb-spacing-left-small:1.92%;\"><div class=\"fusion-column-wrapper fusion-flex-justify-content-flex-start fusion-content-layout-column\"><div class=\"fusion-text fusion-text-1\"><p>En cumplimiento de la Ley 34\/2002, de 11 de julio, de Servicios de la Sociedad de la Informaci\u00f3n y Comercio Electr\u00f3nico (LSSI CE), informamos a los usuarios de los datos de la empresa propietaria de esta web:<\/p>\n<p>Denominaci\u00f3n social: Fundaci\u00f3n ACSAR<br \/>\nDomicilio social: Via Laietana, 16, 4\u00aa planta, despacho 402, 08003 Barcelona<br \/>\nNIF: G59437756<br \/>\nTel\u00e9fono: 93 304 30 23<br \/>\ne-mail: <a href=\"mailto:facsar@fundacioacsar.org\">[facsar@fundacioacsar.org](mailto:facsar@fundacioacsar.org)<\/a><br \/>\nNombre de dominio: <a href=\"https:\/\/fundacioacsar.org\/es\/\" target=\"_blank\" rel=\"noopener\">[https:\/\/fundacioacsar.org](https:\/\/fundacioacsar.org)<\/a><\/p>\n<p><strong>Objeto<\/strong><\/p>\n<p>La Fundaci\u00f3n ACSAR, responsable del sitio web, pone a disposici\u00f3n de los usuarios el presente documento con el que pretende dar cumplimiento a las obligaciones dispuestas en la Ley 34\/2002, de Servicios de la Sociedad de la Informaci\u00f3n y del Comercio Electr\u00f3nico (LSSI-CE), as\u00ed como informar a todos los usuarios del sitio web sobre cu\u00e1les son las condiciones de uso del mismo.<\/p>\n<p>Toda persona que acceda a este sitio web asume el papel de usuario, comprometi\u00e9ndose a la observancia y cumplimiento riguroso de las disposiciones aqu\u00ed recogidas, as\u00ed como de cualquier otra disposici\u00f3n legal que fuera aplicable.<\/p>\n<p>La Fundaci\u00f3n ACSAR se reserva el derecho a modificar cualquier tipo de informaci\u00f3n que pudiera aparecer en el sitio web, sin que exista obligaci\u00f3n de preavisar o poner en conocimiento de los usuarios dichas modificaciones, entendi\u00e9ndose como suficiente su publicaci\u00f3n en el sitio web.<\/p>\n<p><strong>Protecci\u00f3n de datos<\/strong><\/p>\n<p>La Fundaci\u00f3n ACSAR se encuentra profundamente comprometida con el cumplimiento de la normativa espa\u00f1ola de protecci\u00f3n de datos de car\u00e1cter personal y garantiza el cumplimiento \u00edntegro de las obligaciones dispuestas, as\u00ed como la implementaci\u00f3n de las medidas de seguridad recogidas en el art. 9 de la Ley 15\/1999, de Protecci\u00f3n de Datos de Car\u00e1cter Personal (LOPD) y en el Reglamento de Desarrollo de la LOPD.<\/p>\n<p>De conformidad con esta Ley, informamos que la utilizaci\u00f3n de nuestra p\u00e1gina web requiere que se nos faciliten ciertos datos personales a trav\u00e9s de formularios de registro o contacto, o mediante el env\u00edo de correos electr\u00f3nicos, y que estos ser\u00e1n objeto de tratamiento e incorporados a los ficheros de la Fundaci\u00f3n ACSAR, titular y responsable de los mismos. El env\u00edo de estos datos personales constituye el consentimiento expreso al tratamiento de los mismos, si bien este consentimiento es de car\u00e1cter revocable y sin efectos retroactivos.<\/p>\n<p><strong>Propiedad intelectual, normativa y fuero<\/strong><\/p>\n<p>El sitio web, incluyendo a t\u00edtulo enunciativo pero no limitativo su programaci\u00f3n, edici\u00f3n, compilaci\u00f3n y otros elementos necesarios para su funcionamiento, los dise\u00f1os, logotipos, texto y\/o gr\u00e1ficos son propiedad de la Fundaci\u00f3n ACSAR o, en su caso, dispone de licencia o autorizaci\u00f3n expresa por parte de los autores.<\/p>\n<p>Todos los contenidos del sitio web se encuentran debidamente protegidos por la normativa de propiedad intelectual e industrial, as\u00ed como inscritos en los registros p\u00fablicos correspondientes, y no se permite la reproducci\u00f3n y\/o publicaci\u00f3n, total o parcial, del sitio web, ni su tratamiento inform\u00e1tico, su distribuci\u00f3n, difusi\u00f3n, modificaci\u00f3n o transformaci\u00f3n, sin su permiso previo y por escrito.<\/p>\n<p>Los dise\u00f1os, logotipos, texto y\/o gr\u00e1ficos ajenos a la Fundaci\u00f3n ACSAR y que pudieran aparecer en el sitio web, pertenecen a sus respectivos propietarios, siendo ellos mismos responsables de cualquier posible controversia que pudiera suscitarse respecto a los mismos. En todo caso, la Fundaci\u00f3n ACSAR cuenta con la autorizaci\u00f3n expresa y previa por parte de los mismos. La Fundaci\u00f3n ACSAR reconoce a favor de sus titulares los correspondientes derechos de propiedad industrial e intelectual, no implicando su mera menci\u00f3n o aparici\u00f3n en el sitio web la existencia de derechos o responsabilidad alguna del prestador sobre los mismos, ni apoyo, patrocinio o recomendaci\u00f3n por parte del mismo.<\/p>\n<p>El usuario puede utilizar el material que aparezca en este sitio web para su uso personal y privado, quedando prohibido su uso con fines comerciales.<\/p>\n<p>La Fundaci\u00f3n ACSAR velar\u00e1 por el cumplimiento de las anteriores condiciones, as\u00ed como por la correcta utilizaci\u00f3n de los contenidos presentados en sus p\u00e1ginas web, ejercitando todas las acciones civiles y penales que le correspondan en caso de infracci\u00f3n o incumplimiento de estos derechos por parte del usuario.<\/p>\n<p><strong>Ley aplicable y jurisdicci\u00f3n<\/strong><\/p>\n<p>Para la resoluci\u00f3n de todas las controversias o cuestiones relacionadas con el presente sitio web o de las actividades en \u00e9l desarrolladas, ser\u00e1 de aplicaci\u00f3n la legislaci\u00f3n espa\u00f1ola, a la que se someten expresamente las partes, siendo competentes para la resoluci\u00f3n de todos los conflictos derivados o relacionados con su uso los Juzgados y Tribunales de Barcelona.<\/p>\n<p><strong>Pol\u00edtica de privacidad<\/strong><\/p>\n<p>La Fundaci\u00f3n ACSAR informa a los usuarios del sitio web sobre su pol\u00edtica respecto al tratamiento y protecci\u00f3n de los datos de car\u00e1cter personal de los usuarios que puedan ser recabados mediante la navegaci\u00f3n o contrataci\u00f3n de servicios a trav\u00e9s de su sitio web. En este sentido, la Fundaci\u00f3n ACSAR garantiza el cumplimiento de la normativa vigente en materia de protecci\u00f3n de datos personales, reflejada en la Ley Org\u00e1nica 15\/1999 de 13 de diciembre, de Protecci\u00f3n de Datos de Car\u00e1cter Personal y en el Real Decreto 1720\/2007, de 21 de diciembre, por el que se aprueba el Reglamento de Desarrollo de la LOPD.<\/p>\n<p>El uso de esta web implica la aceptaci\u00f3n de esta pol\u00edtica de privacidad.<\/p>\n<p><strong>Medidas de seguridad<\/strong><\/p>\n<p>En cumplimiento de la legislaci\u00f3n vigente en materia de protecci\u00f3n de datos, recogida en el Real Decreto 1720\/2007, se informa a los usuarios de que en la Fundaci\u00f3n ACSAR se han adoptado las medidas t\u00e9cnicas y organizativas conforme a lo dispuesto en la citada normativa. Los datos personales que se recogen en los formularios son objeto de tratamiento, \u00fanicamente, por parte del personal de la Fundaci\u00f3n ACSAR o de los Encargados del Tratamiento aqu\u00ed establecidos. Se han adoptado los niveles de seguridad adecuados a los datos que se facilitan y, adem\u00e1s, se han instalado todos los medios y medidas t\u00e9cnicas a su alcance para evitar la p\u00e9rdida, mal uso, alteraci\u00f3n, acceso no autorizado y robo de los datos que nos facilitan.<\/p>\n<p><strong>Veracidad de los datos<\/strong><\/p>\n<p>El usuario manifiesta que todos los datos facilitados por \u00e9l son ciertos y correctos y se compromete a mantenerlos actualizados, comunicando a la Fundaci\u00f3n ACSAR cualquier modificaci\u00f3n de los mismos. El usuario responder\u00e1 de la veracidad de sus datos y ser\u00e1 el \u00fanico responsable de cuantos conflictos o litigios pudieran resultar por la falsedad de los mismos. Es importante que, para poder mantener los datos personales actualizados, el usuario informe a la Fundaci\u00f3n ACSAR siempre que haya habido alguna modificaci\u00f3n en los mismos. En caso contrario, no podemos responder de la veracidad de los mismos.<\/p>\n<p><strong>Obtenci\u00f3n y tratamiento de datos<\/strong><\/p>\n<p>La Fundaci\u00f3n ACSAR tiene el deber de informar a los usuarios de su sitio web sobre la recogida de datos de car\u00e1cter personal que pueden llevarse a cabo, ya sea mediante el env\u00edo de correo electr\u00f3nico o al cumplimentar los formularios incluidos en el sitio web. En este sentido, la Fundaci\u00f3n ACSAR ser\u00e1 considerada como responsable de los datos recabados mediante los medios anteriormente descritos.<\/p>\n<p>A su vez, la Fundaci\u00f3n ACSAR informa a los usuarios de que la finalidad del tratamiento de los datos recabados contempla la atenci\u00f3n de solicitudes realizadas por los usuarios, la inclusi\u00f3n en la agenda de contactos y la prestaci\u00f3n de servicios. Las operaciones, gestiones y procedimientos t\u00e9cnicos que se realicen de forma automatizada o no automatizada y que posibiliten la recogida, almacenamiento, modificaci\u00f3n, transferencia y otras acciones sobre datos de car\u00e1cter personal tienen la consideraci\u00f3n de tratamiento de datos personales.<\/p>\n<p>Todos los datos personales que sean recogidos a trav\u00e9s del sitio web de la Fundaci\u00f3n ACSAR y, por tanto, tengan la consideraci\u00f3n de tratamiento de datos de car\u00e1cter personal, ser\u00e1n incorporados en los ficheros declarados ante la Agencia Espa\u00f1ola de Protecci\u00f3n de Datos por la Fundaci\u00f3n ACSAR.<\/p>\n<p>La Fundaci\u00f3n ACSAR pone a disposici\u00f3n de los usuarios una serie de mecanismos telem\u00e1ticos para la recogida y tratamiento de sus datos personales, con las finalidades previstas anteriormente. En concreto:<\/p>\n<ul>\n<li>Los datos personales proporcionados de manera presencial o telef\u00f3nica ser\u00e1n obtenidos y tratados por personal interno de la empresa, e incorporados al fichero de USUARIOS WEB para la gesti\u00f3n de los usuarios de la entidad.<\/li>\n<li>Los datos personales proporcionados de manera telem\u00e1tica, ya sea a trav\u00e9s de correo electr\u00f3nico o de los formularios de contacto de esta web, ser\u00e1n incorporados al fichero de USUARIOS WEB, para la gesti\u00f3n de los usuarios de la entidad. Estos datos ser\u00e1n tratados a trav\u00e9s de servidores gestionados por Croma Producciones, con direcci\u00f3n en la Calle de la Encarnaci\u00f3n, 140 bajos 3\u00aa \u2013 08025, Barcelona, que tendr\u00e1 la consideraci\u00f3n de Encargado del Tratamiento (art\u00edculo 3.g de la LOPD). La empresa que gestiona los servidores se encuentra en territorio espa\u00f1ol y cumple con las medidas de seguridad exigidas por la LOPD para el tratamiento de datos personales.<\/li>\n<li>Tal como establece la LSSICE, la Fundaci\u00f3n ACSAR se compromete a no remitir comunicaciones comerciales sin identificarlas como tales. A estos efectos, no ser\u00e1 considerada como comunicaci\u00f3n comercial la informaci\u00f3n enviada a los usuarios para el mantenimiento de la relaci\u00f3n existente.<\/li>\n<li>En cualquier caso, se obtendr\u00e1n \u00fanicamente los datos precisos para poder responder adecuadamente a la solicitud de informaci\u00f3n realizada por el usuario.<\/li>\n<li>En ocasiones, los datos personales se proporcionar\u00e1n a trav\u00e9s de enlaces a sitios web de terceros. En este caso, en ning\u00fan momento el personal de la Fundaci\u00f3n ACSAR tendr\u00e1 acceso a los datos personales que el usuario facilite a dichos terceros.<\/li>\n<li>El servidor donde est\u00e1 alojada esta web utiliza cookies, que quedar\u00e1n almacenadas en el ordenador del visitante. Las cookies son peque\u00f1os archivos que contienen cierta informaci\u00f3n sobre la visita a la web, como el d\u00eda y la hora en que comienza la visita, en la que se abandona, as\u00ed como informaci\u00f3n sobre las diferentes secciones consultadas. Si el usuario lo desea, puede configurar su navegador para avisar sobre si va a recibir una cookie, o para evitar recibirlas, lo que no impedir\u00e1 que se pueda acceder a la web. La obtenci\u00f3n de datos personales a trav\u00e9s de navegaci\u00f3n web (cookies) se explica en nuestro apartado \u00abPol\u00edtica de cookies\u00bb.<\/li>\n<\/ul>\n<p><strong>Ejercicio de derechos<\/strong><\/p>\n<p>La Ley Org\u00e1nica 15\/1999, de 13 de diciembre, de Protecci\u00f3n de Datos de Car\u00e1cter Personal, concede a los interesados la posibilidad de ejercer una serie de derechos relacionados con el tratamiento de sus datos personales. Mientras los datos del usuario sean objeto de tratamiento por parte de la Fundaci\u00f3n ACSAR, estos podr\u00e1n ejercer los derechos de acceso, rectificaci\u00f3n, cancelaci\u00f3n y oposici\u00f3n de acuerdo con lo previsto en la normativa legal vigente en materia de protecci\u00f3n de datos personales.<\/p>\n<p>Para hacer uso del ejercicio de estos derechos, el usuario deber\u00e1 dirigirse, mediante correo electr\u00f3nico a <a href=\"mailto:facsar@fundacioacsar.org\">[facsar@fundacioacsar.org](mailto:facsar@fundacioacsar.org)<\/a>, o bien mediante comunicaci\u00f3n escrita a la siguiente direcci\u00f3n:<\/p>\n<p><strong>Fundaci\u00f3n ACSAR<\/strong><br \/>\nVia Laietana, 16, 4\u00aa planta, despacho 402, 08003 Barcelona o la direcci\u00f3n que sea sustituida en el Registro General de Protecci\u00f3n de Datos. Esta comunicaci\u00f3n deber\u00e1 reflejar la siguiente informaci\u00f3n: nombre y apellidos del usuario, la solicitud, el domicilio y los datos acreditativos.<\/p>\n<p>El ejercicio de derechos deber\u00e1 ser realizado por el propio usuario. No obstante, podr\u00e1n ser ejercidos por una persona autorizada como representante legal. En tal caso, se deber\u00e1 aportar la documentaci\u00f3n que acredite dicha representaci\u00f3n del interesado.<\/p>\n<p><strong>Comunicaci\u00f3n de informaci\u00f3n a terceros<\/strong><\/p>\n<p>La Fundaci\u00f3n ACSAR no ceder\u00e1 ni comunicar\u00e1 a ning\u00fan tercero tus datos, excepto en los casos legalmente previstos o cuando la prestaci\u00f3n de un servicio implique la necesidad de una relaci\u00f3n contractual con un encargado de tratamiento, y siempre de acuerdo con las condiciones generales aprobadas por el usuario con anterioridad a la contrataci\u00f3n del mismo.<\/p>\n<p><strong>Validez<\/strong><\/p>\n<p>Esta pol\u00edtica de privacidad y de protecci\u00f3n de datos podr\u00e1 variar en funci\u00f3n de los cambios de normativa y jurisprudencia que se vayan produciendo, siendo responsabilidad del titular de los datos la lectura del documento actualizado, con el fin de conocer sus derechos y obligaciones en esta materia en cada momento.<\/p>\n<p><strong>Condiciones de uso de la web<\/strong><\/p>\n<p>En esta web se detallan los servicios ofrecidos por la Fundaci\u00f3n ACSAR. Su uso implica la aceptaci\u00f3n de las siguientes condiciones, declinando realizar cualquier reclamaci\u00f3n sobre las mismas:<\/p>\n<ol>\n<li>El servidor donde est\u00e1 alojada esta web utiliza cookies, que quedar\u00e1n almacenadas en el ordenador del visitante. Las cookies son peque\u00f1os archivos que contienen cierta informaci\u00f3n sobre la visita a la web, como el d\u00eda y la hora en que comienza la visita, en la que se abandona, as\u00ed como informaci\u00f3n sobre las diferentes secciones consultadas. Si el usuario lo desea, puede configurar su navegador para avisar sobre si recibir\u00e1 una cookie, o para evitar recibirlas, lo que no impedir\u00e1 que se pueda acceder a la web. Tienes m\u00e1s informaci\u00f3n sobre las cookies en el apartado \u201cPol\u00edtica de Cookies\u201d.<\/li>\n<li>La Fundaci\u00f3n ACSAR podr\u00e1 modificar el contenido de la web en cualquier momento y sin previo aviso.<\/li>\n<li>La Fundaci\u00f3n ACSAR puede poner a disposici\u00f3n del usuario enlaces u otros elementos que permiten el acceso a otros sitios web pertenecientes a terceros. No comercializamos los productos y servicios de estas p\u00e1ginas enlazadas, ni asumimos ning\u00fan tipo de responsabilidad sobre las mismas, ni sobre la informaci\u00f3n contenida en ellas, ni su veracidad o licitud, ni de cualesquiera efectos que pudieran derivarse. En todo caso, la Fundaci\u00f3n ACSAR manifiesta que proceder\u00e1 a la retirada inmediata de cualquier contenido que pudiera contravenir la legislaci\u00f3n nacional o internacional, la moral o el orden p\u00fablico, procediendo a la retirada inmediata de la redirecci\u00f3n a dicho sitio web, poniendo en conocimiento de las autoridades competentes el contenido en cuesti\u00f3n.<\/li>\n<li>Los precios indicados en la web, si los hubiera, ser\u00e1n v\u00e1lidos salvo error tipogr\u00e1fico, y susceptibles de cambios sin previo aviso.<\/li>\n<li>No es necesario registrarse en la web, ni facilitar ning\u00fan tipo de dato personal, para navegar por la misma.<\/li>\n<li>La Fundaci\u00f3n ACSAR no puede garantizar el funcionamiento ininterrumpido o totalmente libre de errores de esta web. Por tanto, no nos hacemos responsables de ning\u00fan da\u00f1o causado por el uso de este sitio.<\/li>\n<li>La Fundaci\u00f3n ACSAR no se har\u00e1 responsable de los da\u00f1os y perjuicios, propios o a terceros, producidos por un mal uso de esta web por parte del usuario.<\/li>\n<li>El usuario se compromete a no utilizar esta web ni los servicios ofrecidos en ella para la realizaci\u00f3n de actividades contrarias a la ley, al orden p\u00fablico o a estas condiciones.<\/li>\n<li>La Fundaci\u00f3n ACSAR no se responsabiliza de los virus que tengan su origen en una transmisi\u00f3n telem\u00e1tica infiltrados por terceros generados con la finalidad de obtener resultados negativos para un sistema inform\u00e1tico.<\/li>\n<li>La Fundaci\u00f3n ACSAR no se hace responsable de la informaci\u00f3n y contenidos almacenados, a t\u00edtulo enunciativo pero no limitativo, en foros, chats, generadores de blogs, comentarios, redes sociales o cualquier otro medio que permita a terceros publicar contenidos de forma independiente a la p\u00e1gina web del prestador. No obstante, y en cumplimiento de lo dispuesto en los art\u00edculos 11 y 16 de la LSSI-CE, la Fundaci\u00f3n ACSAR se pone a disposici\u00f3n de todos los usuarios, autoridades y fuerzas de seguridad, colaborando de forma activa en la retirada o, en su caso, bloqueo de todos aquellos contenidos que pudieran afectar o contravenir la legislaci\u00f3n nacional o internacional, derechos de terceros o la moral y el orden p\u00fablico. En caso de que el usuario considere que existe en el sitio web alg\u00fan contenido que pudiera ser susceptible de esta clasificaci\u00f3n, se ruega lo notifique de forma inmediata al administrador del sitio web.<\/li>\n<li>Este sitio web ha sido revisado y probado para que funcione correctamente. En principio, puede garantizarse el correcto funcionamiento los 365 d\u00edas del a\u00f1o, 24 horas al d\u00eda. No obstante, la Fundaci\u00f3n ACSAR no descarta la posibilidad de que existan ciertos errores de programaci\u00f3n, o que sobrevengan causas de fuerza mayor, cat\u00e1strofes naturales, huelgas o circunstancias semejantes que hagan imposible el acceso a la p\u00e1gina web.<\/li>\n<\/ol>\n<p>En definitiva, el usuario es el \u00fanico responsable del uso que realice de los servicios, contenidos y enlaces incluidos en esta web.<\/p>\n<\/div><\/div><\/div><\/div><\/div>\n","protected":false},"excerpt":{"rendered":"","protected":false},"author":1,"featured_media":0,"parent":0,"menu_order":0,"comment_status":"closed","ping_status":"closed","template":"100-width.php","meta":{"_acf_changed":false,"footnotes":""},"class_list":["post-1513","page","type-page","status-publish","hentry"],"acf":[],"_links":{"self":[{"href":"https:\/\/fundacioacsar.org\/es\/wp-json\/wp\/v2\/pages\/1513","targetHints":{"allow":["GET"]}}],"collection":[{"href":"https:\/\/fundacioacsar.org\/es\/wp-json\/wp\/v2\/pages"}],"about":[{"href":"https:\/\/fundacioacsar.org\/es\/wp-json\/wp\/v2\/types\/page"}],"author":[{"embeddable":true,"href":"https:\/\/fundacioacsar.org\/es\/wp-json\/wp\/v2\/users\/1"}],"replies":[{"embeddable":true,"href":"https:\/\/fundacioacsar.org\/es\/wp-json\/wp\/v2\/comments?post=1513"}],"version-history":[{"count":2,"href":"https:\/\/fundacioacsar.org\/es\/wp-json\/wp\/v2\/pages\/1513\/revisions"}],"predecessor-version":[{"id":1524,"href":"https:\/\/fundacioacsar.org\/es\/wp-json\/wp\/v2\/pages\/1513\/revisions\/1524"}],"wp:attachment":[{"href":"https:\/\/fundacioacsar.org\/es\/wp-json\/wp\/v2\/media?parent=1513"}],"curies":[{"name":"wp","href":"https:\/\/api.w.org\/{rel}","templated":true}]}}