{"id":1539,"date":"2025-09-23T10:48:12","date_gmt":"2025-09-23T08:48:12","guid":{"rendered":"https:\/\/fundacioacsar.org\/qui-som\/historia\/"},"modified":"2026-04-15T08:14:23","modified_gmt":"2026-04-15T06:14:23","slug":"historia","status":"publish","type":"page","link":"https:\/\/fundacioacsar.org\/es\/quienes-somos\/historia\/","title":{"rendered":"Historia"},"content":{"rendered":"<p><div class=\"fusion-fullwidth fullwidth-box fusion-builder-row-1 fusion-flex-container has-pattern-background has-mask-background nonhundred-percent-fullwidth non-hundred-percent-height-scrolling\" style=\"--awb-border-radius-top-left:0px;--awb-border-radius-top-right:0px;--awb-border-radius-bottom-right:0px;--awb-border-radius-bottom-left:0px;--awb-flex-wrap:wrap;\" ><div class=\"fusion-builder-row fusion-row fusion-flex-align-items-flex-start fusion-flex-content-wrap\" style=\"max-width:1248px;margin-left: calc(-4% \/ 2 );margin-right: calc(-4% \/ 2 );\"><div class=\"fusion-layout-column fusion_builder_column fusion-builder-column-0 fusion_builder_column_1_1 1_1 fusion-flex-column\" style=\"--awb-bg-size:cover;--awb-width-large:100%;--awb-margin-top-large:0px;--awb-spacing-right-large:1.92%;--awb-margin-bottom-large:20px;--awb-spacing-left-large:1.92%;--awb-width-medium:100%;--awb-order-medium:0;--awb-spacing-right-medium:1.92%;--awb-spacing-left-medium:1.92%;--awb-width-small:100%;--awb-order-small:0;--awb-spacing-right-small:1.92%;--awb-spacing-left-small:1.92%;\"><div class=\"fusion-column-wrapper fusion-column-has-shadow fusion-flex-justify-content-flex-start fusion-content-layout-column\"><div class=\"fusion-text fusion-text-1\" style=\"--awb-font-size:20px;--awb-line-height:1.3em;--awb-margin-right:200px;--awb-margin-left:200px;--awb-margin-right-medium:100px;--awb-margin-left-medium:100px;--awb-margin-right-small:30px;--awb-margin-left-small:30px;--awb-text-font-family:&quot;Inter&quot;;--awb-text-font-style:normal;--awb-text-font-weight:600;\"><p style=\"text-align: center;\">La Asociaci\u00f3n Catalana de Solidaridad y Ayuda al Refugiado (ACSAR) naci\u00f3 como una iniciativa pionera en Catalu\u00f1a y Espa\u00f1a en el \u00e1mbito de la acogida y la defensa de los derechos de las personas refugiadas. Sus or\u00edgenes se remontan a los primeros a\u00f1os de la transici\u00f3n democr\u00e1tica, cuando distintos colectivos sociales y personas comprometidas con los derechos humanos comenzaron a organizarse para hacer frente a la crisis de personas refugiadas en todo el mundo.<\/p>\n<\/div><\/div><\/div><\/div><\/div><div class=\"fusion-fullwidth fullwidth-box fusion-builder-row-2 fusion-flex-container has-pattern-background has-mask-background nonhundred-percent-fullwidth non-hundred-percent-height-scrolling\" style=\"--awb-border-radius-top-left:0px;--awb-border-radius-top-right:0px;--awb-border-radius-bottom-right:0px;--awb-border-radius-bottom-left:0px;--awb-padding-top:50px;--awb-padding-bottom:50px;--awb-margin-bottom:0px;--awb-background-color:var(--awb-color6);--awb-flex-wrap:wrap;\" ><div class=\"fusion-builder-row fusion-row fusion-flex-align-items-flex-start fusion-flex-justify-content-center fusion-flex-content-wrap\" style=\"max-width:1248px;margin-left: calc(-4% \/ 2 );margin-right: calc(-4% \/ 2 );\"><div class=\"fusion-layout-column fusion_builder_column fusion-builder-column-1 fusion_builder_column_3_4 3_4 fusion-flex-column\" style=\"--awb-bg-size:cover;--awb-width-large:75%;--awb-margin-top-large:0px;--awb-spacing-right-large:2.56%;--awb-margin-bottom-large:20px;--awb-spacing-left-large:2.56%;--awb-width-medium:75%;--awb-order-medium:0;--awb-spacing-right-medium:2.56%;--awb-spacing-left-medium:2.56%;--awb-width-small:100%;--awb-order-small:0;--awb-spacing-right-small:1.92%;--awb-spacing-left-small:1.92%;\"><div class=\"fusion-column-wrapper fusion-column-has-shadow fusion-flex-justify-content-flex-start fusion-content-layout-column\"><div class=\"fusion-title title fusion-title-1 fusion-sep-none fusion-title-center fusion-title-text fusion-title-size-two acsar-title-underlined color4\" style=\"--awb-text-color:var(--awb-color8);--awb-margin-bottom:35px;--awb-font-size:32px;\"><h2 class=\"fusion-title-heading title-heading-center\" style=\"font-family:&quot;Inter&quot;;font-style:normal;font-weight:400;margin:0;font-size:1em;\"><strong>Los inicios: de los a\u00f1os setenta a 1980<\/strong><\/h2><\/div><div class=\"fusion-text fusion-text-2\" style=\"--awb-font-size:18px;\"><p>A lo largo de la d\u00e9cada de 1970, en el contexto de la posdictadura y las primeras elecciones democr\u00e1ticas, se constituyeron grupos y comisiones de solidaridad asociadas al movimiento de Entesa dels Catalans, centrados en la defensa de los derechos de las personas refugiadas. Este trabajo, fruto de la movilizaci\u00f3n de personas y entidades que acog\u00edan a exiliados latinoamericanos y a otras v\u00edctimas de persecuci\u00f3n pol\u00edtica o social, fue el precedente directo de la entidad.<\/p>\n<p>Fruto de estos esfuerzos, ACSAR se constituy\u00f3 formalmente en Barcelona en el a\u00f1o 1980, impulsada por personas vinculadas al movimiento por los derechos humanos en Catalu\u00f1a, como Josep Ribera, Felip Sol\u00e9 Sabar\u00eds, Agust\u00ed de Semir y Joan Gomis. El objetivo fundacional era claro: dar apoyo jur\u00eddico, humanitario y social a las personas refugiadas y solicitantes de asilo presentes en nuestro pa\u00eds en un momento en el que todav\u00eda no exist\u00eda una normativa de asilo consolidada.<\/p>\n<p>Desde sus inicios, ACSAR combin\u00f3 dos dimensiones complementarias:<\/p>\n<ul>\n<li>La ayuda individual, enfocada a ofrecer atenci\u00f3n directa a las personas refugiadas en aspectos jur\u00eddicos, de inserci\u00f3n social, laboral o asistencial.<\/li>\n<li>La solidaridad colectiva y la incidencia pol\u00edtica, con campa\u00f1as de sensibilizaci\u00f3n, educaci\u00f3n p\u00fablica y trabajo para poner sobre la mesa la problem\u00e1tica del refugio en Catalu\u00f1a y Espa\u00f1a.<\/li>\n<\/ul>\n<p>La entidad tambi\u00e9n form\u00f3 parte de la red que, conjuntamente con el Ayuntamiento de Barcelona y otras organizaciones, contribuy\u00f3 a la creaci\u00f3n y consolidaci\u00f3n del Servicio de Atenci\u00f3n a Inmigrantes, Emigrantes y Refugiados (SAIER), un servicio municipal especializado en la atenci\u00f3n a personas migrantes y refugiadas que funciona desde finales de los a\u00f1os 1980.<\/p>\n<p>Durante las d\u00e9cadas siguientes, ACSAR se convirti\u00f3 en una entidad de referencia en Catalu\u00f1a para la atenci\u00f3n a personas refugiadas, participando en redes de entidades sociales, estableciendo servicios de asesoramiento legal y colaborando con instituciones p\u00fablicas para mejorar las pol\u00edticas de acogida y protecci\u00f3n.<\/p>\n<\/div><\/div><\/div><\/div><\/div><div class=\"fusion-fullwidth fullwidth-box fusion-builder-row-3 fusion-flex-container has-pattern-background has-mask-background hundred-percent-fullwidth non-hundred-percent-height-scrolling\" style=\"--awb-border-radius-top-left:0px;--awb-border-radius-top-right:0px;--awb-border-radius-bottom-right:0px;--awb-border-radius-bottom-left:0px;--awb-padding-right:0px;--awb-padding-left:0px;--awb-margin-top:-8px;--awb-flex-wrap:wrap;\" ><div class=\"fusion-builder-row fusion-row fusion-flex-align-items-flex-start fusion-flex-content-wrap\" style=\"width:104% !important;max-width:104% !important;margin-left: calc(-4% \/ 2 );margin-right: calc(-4% \/ 2 );\"><div class=\"fusion-layout-column fusion_builder_column fusion-builder-column-2 fusion_builder_column_1_1 1_1 fusion-flex-column\" style=\"--awb-bg-size:cover;--awb-width-large:100%;--awb-margin-top-large:0px;--awb-spacing-right-large:1.92%;--awb-margin-bottom-large:20px;--awb-spacing-left-large:1.92%;--awb-width-medium:100%;--awb-order-medium:0;--awb-spacing-right-medium:1.92%;--awb-spacing-left-medium:1.92%;--awb-width-small:100%;--awb-order-small:0;--awb-spacing-right-small:1.92%;--awb-spacing-left-small:1.92%;\"><div class=\"fusion-column-wrapper fusion-column-has-shadow fusion-flex-justify-content-flex-start fusion-content-layout-column\"><div class=\"fusion-image-carousel fusion-image-carousel-auto fusion-image-carousel-1\" style=\"margin-top:0px;margin-bottom:0px;\"><div class=\"awb-carousel awb-swiper awb-swiper-carousel awb-swiper-dots-position-bottom awb-carousel--carousel\" data-layout=\"carousel\" data-autoplay=\"no\" data-autoplayspeed=\"2500\" data-autoplaypause=\"no\" data-columns=\"3.5\" data-columnsmedium=\"0\" data-columnssmall=\"0\" data-itemmargin=\"0\" data-itemwidth=\"180\" data-touchscroll=\"no\" data-freemode=\"no\" data-imagesize=\"auto\" data-scrollitems=\"0\" data-centeredslides=\"no\" data-rotationangle=\"50\" data-depth=\"100\" data-speed=\"500\" data-shadow=\"no\" style=\"--awb-columns:3.5;--awb-column-spacing:0px;--awb-dots-align:center;\"><div class=\"swiper-wrapper awb-image-carousel-wrapper fusion-flex-align-items-center\"><div class=\"swiper-slide\"><div class=\"fusion-carousel-item-wrapper\"><div class=\"fusion-image-wrapper hover-type-none\"><img decoding=\"async\" width=\"1600\" height=\"1066\" src=\"https:\/\/fundacioacsar.org\/wp-content\/uploads\/2026\/01\/migralab02.jpg\" class=\"attachment-full size-full\" alt=\"\" srcset=\"https:\/\/fundacioacsar.org\/wp-content\/uploads\/2026\/01\/migralab02-200x133.jpg 200w, https:\/\/fundacioacsar.org\/wp-content\/uploads\/2026\/01\/migralab02-400x267.jpg 400w, https:\/\/fundacioacsar.org\/wp-content\/uploads\/2026\/01\/migralab02-600x400.jpg 600w, https:\/\/fundacioacsar.org\/wp-content\/uploads\/2026\/01\/migralab02-800x533.jpg 800w, https:\/\/fundacioacsar.org\/wp-content\/uploads\/2026\/01\/migralab02-1200x800.jpg 1200w, https:\/\/fundacioacsar.org\/wp-content\/uploads\/2026\/01\/migralab02.jpg 1600w\" sizes=\"(min-width: 2200px) 100vw, (min-width: 868px) 400px, (min-width: 754px) 600px, (min-width: 640px) 754px, \" \/><\/div><\/div><\/div><div class=\"swiper-slide\"><div class=\"fusion-carousel-item-wrapper\"><div class=\"fusion-image-wrapper hover-type-none\"><img decoding=\"async\" width=\"480\" height=\"306\" src=\"https:\/\/fundacioacsar.org\/wp-content\/uploads\/2025\/11\/externalitzacio-politiques-frontereres-ue.png\" class=\"attachment-full size-full\" alt=\"\" srcset=\"https:\/\/fundacioacsar.org\/wp-content\/uploads\/2025\/11\/externalitzacio-politiques-frontereres-ue-200x128.png 200w, https:\/\/fundacioacsar.org\/wp-content\/uploads\/2025\/11\/externalitzacio-politiques-frontereres-ue-400x255.png 400w, https:\/\/fundacioacsar.org\/wp-content\/uploads\/2025\/11\/externalitzacio-politiques-frontereres-ue.png 480w\" sizes=\"(min-width: 2200px) 100vw, (min-width: 868px) 400px, (min-width: 754px) 600px, (min-width: 640px) 754px, \" \/><\/div><\/div><\/div><div class=\"swiper-slide\"><div class=\"fusion-carousel-item-wrapper\"><div class=\"fusion-image-wrapper hover-type-none\"><img decoding=\"async\" width=\"1600\" height=\"1066\" src=\"https:\/\/fundacioacsar.org\/wp-content\/uploads\/2026\/01\/migralab03.jpg\" class=\"attachment-full size-full\" alt=\"\" srcset=\"https:\/\/fundacioacsar.org\/wp-content\/uploads\/2026\/01\/migralab03-200x133.jpg 200w, https:\/\/fundacioacsar.org\/wp-content\/uploads\/2026\/01\/migralab03-400x267.jpg 400w, https:\/\/fundacioacsar.org\/wp-content\/uploads\/2026\/01\/migralab03-600x400.jpg 600w, https:\/\/fundacioacsar.org\/wp-content\/uploads\/2026\/01\/migralab03-800x533.jpg 800w, https:\/\/fundacioacsar.org\/wp-content\/uploads\/2026\/01\/migralab03-1200x800.jpg 1200w, https:\/\/fundacioacsar.org\/wp-content\/uploads\/2026\/01\/migralab03.jpg 1600w\" sizes=\"(min-width: 2200px) 100vw, (min-width: 868px) 400px, (min-width: 754px) 600px, (min-width: 640px) 754px, \" \/><\/div><\/div><\/div><div class=\"swiper-slide\"><div class=\"fusion-carousel-item-wrapper\"><div class=\"fusion-image-wrapper hover-type-none\"><img decoding=\"async\" width=\"1600\" height=\"1066\" src=\"https:\/\/fundacioacsar.org\/wp-content\/uploads\/2026\/01\/migralab02.jpg\" class=\"attachment-full size-full\" alt=\"\" srcset=\"https:\/\/fundacioacsar.org\/wp-content\/uploads\/2026\/01\/migralab02-200x133.jpg 200w, https:\/\/fundacioacsar.org\/wp-content\/uploads\/2026\/01\/migralab02-400x267.jpg 400w, https:\/\/fundacioacsar.org\/wp-content\/uploads\/2026\/01\/migralab02-600x400.jpg 600w, https:\/\/fundacioacsar.org\/wp-content\/uploads\/2026\/01\/migralab02-800x533.jpg 800w, https:\/\/fundacioacsar.org\/wp-content\/uploads\/2026\/01\/migralab02-1200x800.jpg 1200w, https:\/\/fundacioacsar.org\/wp-content\/uploads\/2026\/01\/migralab02.jpg 1600w\" sizes=\"(min-width: 2200px) 100vw, (min-width: 868px) 400px, (min-width: 754px) 600px, (min-width: 640px) 754px, \" \/><\/div><\/div><\/div><div class=\"swiper-slide\"><div class=\"fusion-carousel-item-wrapper\"><div class=\"fusion-image-wrapper hover-type-none\"><img decoding=\"async\" width=\"480\" height=\"306\" src=\"https:\/\/fundacioacsar.org\/wp-content\/uploads\/2025\/11\/externalitzacio-politiques-frontereres-ue.png\" class=\"attachment-full size-full\" alt=\"\" srcset=\"https:\/\/fundacioacsar.org\/wp-content\/uploads\/2025\/11\/externalitzacio-politiques-frontereres-ue-200x128.png 200w, https:\/\/fundacioacsar.org\/wp-content\/uploads\/2025\/11\/externalitzacio-politiques-frontereres-ue-400x255.png 400w, https:\/\/fundacioacsar.org\/wp-content\/uploads\/2025\/11\/externalitzacio-politiques-frontereres-ue.png 480w\" sizes=\"(min-width: 2200px) 100vw, (min-width: 868px) 400px, (min-width: 754px) 600px, (min-width: 640px) 754px, \" \/><\/div><\/div><\/div><\/div><div class=\"awb-swiper-button awb-swiper-button-prev\"><i class=\"awb-icon-angle-left\" aria-hidden=\"true\"><\/i><\/div><div class=\"awb-swiper-button awb-swiper-button-next\"><i class=\"awb-icon-angle-right\" aria-hidden=\"true\"><\/i><\/div><\/div><\/div><\/div><\/div><\/div><\/div><div class=\"fusion-fullwidth fullwidth-box fusion-builder-row-4 fusion-flex-container has-pattern-background has-mask-background nonhundred-percent-fullwidth non-hundred-percent-height-scrolling\" style=\"--awb-border-radius-top-left:0px;--awb-border-radius-top-right:0px;--awb-border-radius-bottom-right:0px;--awb-border-radius-bottom-left:0px;--awb-padding-top:20px;--awb-padding-bottom:50px;--awb-flex-wrap:wrap;\" ><div class=\"fusion-builder-row fusion-row fusion-flex-align-items-flex-start fusion-flex-justify-content-center fusion-flex-content-wrap\" style=\"max-width:1248px;margin-left: calc(-4% \/ 2 );margin-right: calc(-4% \/ 2 );\"><div class=\"fusion-layout-column fusion_builder_column fusion-builder-column-3 fusion_builder_column_3_4 3_4 fusion-flex-column\" style=\"--awb-bg-size:cover;--awb-width-large:75%;--awb-margin-top-large:0px;--awb-spacing-right-large:2.56%;--awb-margin-bottom-large:20px;--awb-spacing-left-large:2.56%;--awb-width-medium:75%;--awb-order-medium:0;--awb-spacing-right-medium:2.56%;--awb-spacing-left-medium:2.56%;--awb-width-small:100%;--awb-order-small:0;--awb-spacing-right-small:1.92%;--awb-spacing-left-small:1.92%;\"><div class=\"fusion-column-wrapper fusion-column-has-shadow fusion-flex-justify-content-flex-start fusion-content-layout-column\"><div class=\"fusion-title title fusion-title-2 fusion-sep-none fusion-title-center fusion-title-text fusion-title-size-two acsar-title-underlined color4\" style=\"--awb-text-color:var(--awb-color8);--awb-margin-bottom:35px;--awb-font-size:32px;\"><h2 class=\"fusion-title-heading title-heading-center\" style=\"font-family:&quot;Inter&quot;;font-style:normal;font-weight:400;margin:0;font-size:1em;\"><strong>Fundaci\u00f3n ACSAR (2005)<\/strong><\/h2><\/div><div class=\"fusion-text fusion-text-3\" style=\"--awb-font-size:18px;\"><p>En el a\u00f1o 2005 se crea la Fundaci\u00f3n ACSAR, que recoge y ampl\u00eda la labor iniciada por la Asociaci\u00f3n Catalana de Solidaridad y Ayuda al Refugiado desde los a\u00f1os 1980. La fundaci\u00f3n surge con una perspectiva renovada, centrando su trabajo en:<\/p>\n<ul>\n<li>La investigaci\u00f3n y el estudio de los fen\u00f3menos migratorios y de protecci\u00f3n internacional<\/li>\n<li>La formaci\u00f3n y sensibilizaci\u00f3n sobre asilo, diversidad y derechos humanos<\/li>\n<li>La incidencia en pol\u00edticas p\u00fablicas<\/li>\n<li>El asesoramiento jur\u00eddico especializado<\/li>\n<li>La cooperaci\u00f3n internacional, asumiendo proyectos de defensa del derecho de asilo y del refugio en todo el mundo<\/li>\n<\/ul>\n<p>Esta nueva etapa busca consolidar a ACSAR como actor de referencia en el an\u00e1lisis y respuesta a las din\u00e1micas de movilidad humana, integrando experiencia, conocimiento y compromiso social para contribuir a la construcci\u00f3n de una sociedad m\u00e1s plural, diversa y cohesionada.<\/p>\n<p>Hoy, la Fundaci\u00f3n ACSAR contin\u00faa trabajando con rigor y compromiso los valores fundacionales de la asociaci\u00f3n original, manteniendo vivo el legado de ayuda, acogida y defensa del derecho de asilo que surgi\u00f3 en los primeros a\u00f1os de la democracia espa\u00f1ola y que se ha ido transformando para responder a los retos contempor\u00e1neos del fen\u00f3meno migratorio y de los derechos humanos.<\/p>\n<\/div><\/div><\/div><\/div><\/div><\/p>\n","protected":false},"excerpt":{"rendered":"","protected":false},"author":1,"featured_media":1481,"parent":1536,"menu_order":0,"comment_status":"closed","ping_status":"closed","template":"100-width.php","meta":{"_acf_changed":false,"footnotes":""},"class_list":["post-1539","page","type-page","status-publish","has-post-thumbnail","hentry"],"acf":[],"_links":{"self":[{"href":"https:\/\/fundacioacsar.org\/es\/wp-json\/wp\/v2\/pages\/1539","targetHints":{"allow":["GET"]}}],"collection":[{"href":"https:\/\/fundacioacsar.org\/es\/wp-json\/wp\/v2\/pages"}],"about":[{"href":"https:\/\/fundacioacsar.org\/es\/wp-json\/wp\/v2\/types\/page"}],"author":[{"embeddable":true,"href":"https:\/\/fundacioacsar.org\/es\/wp-json\/wp\/v2\/users\/1"}],"replies":[{"embeddable":true,"href":"https:\/\/fundacioacsar.org\/es\/wp-json\/wp\/v2\/comments?post=1539"}],"version-history":[{"count":2,"href":"https:\/\/fundacioacsar.org\/es\/wp-json\/wp\/v2\/pages\/1539\/revisions"}],"predecessor-version":[{"id":1554,"href":"https:\/\/fundacioacsar.org\/es\/wp-json\/wp\/v2\/pages\/1539\/revisions\/1554"}],"up":[{"embeddable":true,"href":"https:\/\/fundacioacsar.org\/es\/wp-json\/wp\/v2\/pages\/1536"}],"wp:featuredmedia":[{"embeddable":true,"href":"https:\/\/fundacioacsar.org\/es\/wp-json\/wp\/v2\/media\/1481"}],"wp:attachment":[{"href":"https:\/\/fundacioacsar.org\/es\/wp-json\/wp\/v2\/media?parent=1539"}],"curies":[{"name":"wp","href":"https:\/\/api.w.org\/{rel}","templated":true}]}}